{"id":13,"date":"2025-07-27T11:32:34","date_gmt":"2025-07-27T11:32:34","guid":{"rendered":"http:\/\/localhost\/nasze%20drzewa\/wordpress\/?page_id=13"},"modified":"2026-02-09T11:42:06","modified_gmt":"2026-02-09T11:42:06","slug":"w-budowie","status":"publish","type":"page","link":"https:\/\/naszedrzewa.com\/","title":{"rendered":"W budowie"},"content":{"rendered":"\t\t<div data-elementor-type=\"wp-page\" data-elementor-id=\"13\" class=\"elementor elementor-13\" data-elementor-post-type=\"page\">\n\t\t\t\t<div class=\"elementor-element elementor-element-759f48a e-con-full e-flex e-con e-parent\" data-id=\"759f48a\" data-element_type=\"container\" data-e-type=\"container\" data-settings=\"{&quot;background_background&quot;:&quot;classic&quot;}\">\n\t\t<div class=\"elementor-element elementor-element-23a856a e-flex e-con-boxed e-con e-child\" data-id=\"23a856a\" data-element_type=\"container\" data-e-type=\"container\" data-settings=\"{&quot;background_background&quot;:&quot;classic&quot;}\">\n\t\t\t\t\t<div class=\"e-con-inner\">\n\t\t<div class=\"elementor-element elementor-element-de9a8b2 e-con-full e-flex e-con e-child\" data-id=\"de9a8b2\" data-element_type=\"container\" data-e-type=\"container\">\n\t\t\t\t<div class=\"elementor-element elementor-element-df566ec elementor-widget elementor-widget-heading\" data-id=\"df566ec\" data-element_type=\"widget\" data-e-type=\"widget\" data-widget_type=\"heading.default\">\n\t\t\t\t\t<h1 class=\"elementor-heading-title elementor-size-default\">Za nied\u0142ugo si\u0119 widzimy<\/h1>\t\t\t\t<\/div>\n\t\t\t\t<div class=\"elementor-element elementor-element-e2ddea9 elementor-widget elementor-widget-heading\" data-id=\"e2ddea9\" data-element_type=\"widget\" data-e-type=\"widget\" data-widget_type=\"heading.default\">\n\t\t\t\t\t<h2 class=\"elementor-heading-title elementor-size-default\">Obecnie aktualizujemy stron\u0119<\/h2>\t\t\t\t<\/div>\n\t\t\t\t<div class=\"elementor-element elementor-element-57e49db elementor-widget elementor-widget-heading\" data-id=\"57e49db\" data-element_type=\"widget\" data-e-type=\"widget\" data-widget_type=\"heading.default\">\n\t\t\t\t\t<h2 class=\"elementor-heading-title elementor-size-default\">Kontakt:<\/h2>\t\t\t\t<\/div>\n\t\t<div class=\"elementor-element elementor-element-2645b20 e-con-full e-flex e-con e-child\" data-id=\"2645b20\" data-element_type=\"container\" data-e-type=\"container\">\n\t\t\t\t<div class=\"elementor-element elementor-element-f7cff7a elementor-view-default elementor-widget elementor-widget-icon\" data-id=\"f7cff7a\" data-element_type=\"widget\" data-e-type=\"widget\" data-widget_type=\"icon.default\">\n\t\t\t\t\t\t\t<div class=\"elementor-icon-wrapper\">\n\t\t\t<div class=\"elementor-icon\">\n\t\t\t<svg aria-hidden=\"true\" class=\"e-font-icon-svg e-fas-phone-alt\" viewBox=\"0 0 512 512\" xmlns=\"http:\/\/www.w3.org\/2000\/svg\"><path d=\"M497.39 361.8l-112-48a24 24 0 0 0-28 6.9l-49.6 60.6A370.66 370.66 0 0 1 130.6 204.11l60.6-49.6a23.94 23.94 0 0 0 6.9-28l-48-112A24.16 24.16 0 0 0 122.6.61l-104 24A24 24 0 0 0 0 48c0 256.5 207.9 464 464 464a24 24 0 0 0 23.4-18.6l24-104a24.29 24.29 0 0 0-14.01-27.6z\"><\/path><\/svg>\t\t\t<\/div>\n\t\t<\/div>\n\t\t\t\t\t\t<\/div>\n\t\t\t\t<div class=\"elementor-element elementor-element-02936ed elementor-widget elementor-widget-heading\" data-id=\"02936ed\" data-element_type=\"widget\" data-e-type=\"widget\" data-widget_type=\"heading.default\">\n\t\t\t\t\t<h2 class=\"elementor-heading-title elementor-size-default\"><a href=\"tel:+48730119712\">tel.: +48 730 119 712<\/a><\/h2>\t\t\t\t<\/div>\n\t\t\t\t<\/div>\n\t\t<div class=\"elementor-element elementor-element-2b91471 e-con-full e-flex e-con e-child\" data-id=\"2b91471\" data-element_type=\"container\" data-e-type=\"container\">\n\t\t\t\t<div class=\"elementor-element elementor-element-f845e28 elementor-view-default elementor-widget elementor-widget-icon\" data-id=\"f845e28\" data-element_type=\"widget\" data-e-type=\"widget\" data-widget_type=\"icon.default\">\n\t\t\t\t\t\t\t<div class=\"elementor-icon-wrapper\">\n\t\t\t<div class=\"elementor-icon\">\n\t\t\t<svg aria-hidden=\"true\" class=\"e-font-icon-svg e-far-envelope\" viewBox=\"0 0 512 512\" xmlns=\"http:\/\/www.w3.org\/2000\/svg\"><path d=\"M464 64H48C21.49 64 0 85.49 0 112v288c0 26.51 21.49 48 48 48h416c26.51 0 48-21.49 48-48V112c0-26.51-21.49-48-48-48zm0 48v40.805c-22.422 18.259-58.168 46.651-134.587 106.49-16.841 13.247-50.201 45.072-73.413 44.701-23.208.375-56.579-31.459-73.413-44.701C106.18 199.465 70.425 171.067 48 152.805V112h416zM48 400V214.398c22.914 18.251 55.409 43.862 104.938 82.646 21.857 17.205 60.134 55.186 103.062 54.955 42.717.231 80.509-37.199 103.053-54.947 49.528-38.783 82.032-64.401 104.947-82.653V400H48z\"><\/path><\/svg>\t\t\t<\/div>\n\t\t<\/div>\n\t\t\t\t\t\t<\/div>\n\t\t\t\t<div class=\"elementor-element elementor-element-a35d34e elementor-widget elementor-widget-heading\" data-id=\"a35d34e\" data-element_type=\"widget\" data-e-type=\"widget\" data-widget_type=\"heading.default\">\n\t\t\t\t\t<h2 class=\"elementor-heading-title elementor-size-default\"><a href=\"mailto:kontakt@naszedrzewa.com\u200b\">kontakt@naszedrzewa.com<\/a><\/h2>\t\t\t\t<\/div>\n\t\t\t\t<\/div>\n\t\t\t\t<\/div>\n\t\t<div class=\"elementor-element elementor-element-12d2567 e-con-full e-flex e-con e-child\" data-id=\"12d2567\" data-element_type=\"container\" data-e-type=\"container\">\n\t\t\t\t<div class=\"elementor-element elementor-element-315b184 elementor-widget elementor-widget-heading\" data-id=\"315b184\" data-element_type=\"widget\" data-e-type=\"widget\" data-widget_type=\"heading.default\">\n\t\t\t\t\t<h2 class=\"elementor-heading-title elementor-size-default\">Copyright \u00a9  2026  naszedrzewa.com | Nasze Drzewa<\/h2>\t\t\t\t<\/div>\n\t\t\t\t<div class=\"elementor-element elementor-element-bc66eea elementor-widget elementor-widget-image\" data-id=\"bc66eea\" data-element_type=\"widget\" data-e-type=\"widget\" data-widget_type=\"image.default\">\n\t\t\t\t\t\t\t\t\t\t\t\t\t\t\t<img fetchpriority=\"high\" decoding=\"async\" width=\"800\" height=\"84\" src=\"https:\/\/naszedrzewa.com\/wp-content\/uploads\/2026\/02\/FE-SL-kolor-poziom-br-1024x108.webp\" class=\"attachment-large size-large wp-image-180\" alt=\"\" srcset=\"https:\/\/naszedrzewa.com\/wp-content\/uploads\/2026\/02\/FE-SL-kolor-poziom-br-1024x108.webp 1024w, https:\/\/naszedrzewa.com\/wp-content\/uploads\/2026\/02\/FE-SL-kolor-poziom-br-300x32.webp 300w, https:\/\/naszedrzewa.com\/wp-content\/uploads\/2026\/02\/FE-SL-kolor-poziom-br-768x81.webp 768w, https:\/\/naszedrzewa.com\/wp-content\/uploads\/2026\/02\/FE-SL-kolor-poziom-br-1536x162.webp 1536w, https:\/\/naszedrzewa.com\/wp-content\/uploads\/2026\/02\/FE-SL-kolor-poziom-br.webp 1920w\" sizes=\"(max-width: 800px) 100vw, 800px\" \/>\t\t\t\t\t\t\t\t\t\t\t\t\t\t\t<\/div>\n\t\t\t\t<\/div>\n\t\t\t\t\t<\/div>\n\t\t\t\t<\/div>\n\t\t\t\t<\/div>\n\t\t\t\t<\/div>\n\t\t","protected":false},"excerpt":{"rendered":"<p>Za nied\u0142ugo si\u0119 widzimy Obecnie aktualizujemy stron\u0119 Kontakt: tel.: +48 730 119 712 kontakt@naszedrzewa.com<\/p>\n","protected":false},"author":1,"featured_media":0,"parent":0,"menu_order":0,"comment_status":"closed","ping_status":"closed","template":"elementor_canvas","meta":{"footnotes":""},"class_list":["post-13","page","type-page","status-publish","hentry"],"_links":{"self":[{"href":"https:\/\/naszedrzewa.com\/index.php\/wp-json\/wp\/v2\/pages\/13","targetHints":{"allow":["GET"]}}],"collection":[{"href":"https:\/\/naszedrzewa.com\/index.php\/wp-json\/wp\/v2\/pages"}],"about":[{"href":"https:\/\/naszedrzewa.com\/index.php\/wp-json\/wp\/v2\/types\/page"}],"author":[{"embeddable":true,"href":"https:\/\/naszedrzewa.com\/index.php\/wp-json\/wp\/v2\/users\/1"}],"replies":[{"embeddable":true,"href":"https:\/\/naszedrzewa.com\/index.php\/wp-json\/wp\/v2\/comments?post=13"}],"version-history":[{"count":136,"href":"https:\/\/naszedrzewa.com\/index.php\/wp-json\/wp\/v2\/pages\/13\/revisions"}],"predecessor-version":[{"id":186,"href":"https:\/\/naszedrzewa.com\/index.php\/wp-json\/wp\/v2\/pages\/13\/revisions\/186"}],"wp:attachment":[{"href":"https:\/\/naszedrzewa.com\/index.php\/wp-json\/wp\/v2\/media?parent=13"}],"curies":[{"name":"wp","href":"https:\/\/api.w.org\/{rel}","templated":true}]}}